{"id":1358,"date":"2021-03-16T15:45:35","date_gmt":"2021-03-16T14:45:35","guid":{"rendered":"https:\/\/www.aisa-tx.com\/?page_id=1358"},"modified":"2025-12-18T21:46:14","modified_gmt":"2025-12-18T20:46:14","slug":"scientific-references-of-pr-dalessio","status":"publish","type":"page","link":"https:\/\/www.aisa-tx.com\/?page_id=1358","title":{"rendered":"Scientific References of Pr D\u2019Alessio"},"content":{"rendered":"\t\t<div data-elementor-type=\"wp-page\" data-elementor-id=\"1358\" class=\"elementor elementor-1358\" data-elementor-post-type=\"page\">\n\t\t\t\t\t\t<section class=\"has_eae_slider elementor-section elementor-top-section elementor-element elementor-element-7ba5fd3 ct-section-stretched elementor-section-boxed elementor-section-height-default elementor-section-height-default\" data-eae-slider=\"58245\" data-id=\"7ba5fd3\" data-element_type=\"section\" data-e-type=\"section\">\n\t\t\t\t\t\t<div class=\"elementor-container elementor-column-gap-default\">\n\t\t\t\t\t<div class=\"has_eae_slider elementor-column elementor-col-100 elementor-top-column elementor-element elementor-element-fbb2f76\" data-eae-slider=\"51954\" data-id=\"fbb2f76\" data-element_type=\"column\" data-e-type=\"column\">\n\t\t\t<div class=\"elementor-widget-wrap elementor-element-populated\">\n\t\t\t\t\t\t<section class=\"has_eae_slider elementor-section elementor-inner-section elementor-element elementor-element-c4fe7eb elementor-section-boxed elementor-section-height-default elementor-section-height-default\" data-eae-slider=\"97154\" data-id=\"c4fe7eb\" data-element_type=\"section\" data-e-type=\"section\">\n\t\t\t\t\t\t<div class=\"elementor-container elementor-column-gap-default\">\n\t\t\t\t\t<div class=\"has_eae_slider elementor-column elementor-col-33 elementor-inner-column elementor-element elementor-element-8fa5502\" data-eae-slider=\"33293\" data-id=\"8fa5502\" data-element_type=\"column\" data-e-type=\"column\">\n\t\t\t<div class=\"elementor-widget-wrap\">\n\t\t\t\t\t\t\t<\/div>\n\t\t<\/div>\n\t\t\t\t<div class=\"has_eae_slider elementor-column elementor-col-33 elementor-inner-column elementor-element elementor-element-735d5c3\" data-eae-slider=\"18371\" data-id=\"735d5c3\" data-element_type=\"column\" data-e-type=\"column\">\n\t\t\t<div class=\"elementor-widget-wrap elementor-element-populated\">\n\t\t\t\t\t\t<div class=\"elementor-element elementor-element-fe7f284 elementor-widget elementor-widget-heading\" data-id=\"fe7f284\" data-element_type=\"widget\" data-e-type=\"widget\" data-widget_type=\"heading.default\">\n\t\t\t\t<div class=\"elementor-widget-container\">\n\t\t\t\t\t<h2 class=\"elementor-heading-title elementor-size-default\">Scientific References of Pr D\u2019Alessio\n<\/h2>\t\t\t\t<\/div>\n\t\t\t\t<\/div>\n\t\t\t\t\t<\/div>\n\t\t<\/div>\n\t\t\t\t<div class=\"has_eae_slider elementor-column elementor-col-33 elementor-inner-column elementor-element elementor-element-bea6bc8\" data-eae-slider=\"97607\" data-id=\"bea6bc8\" data-element_type=\"column\" data-e-type=\"column\">\n\t\t\t<div class=\"elementor-widget-wrap\">\n\t\t\t\t\t\t\t<\/div>\n\t\t<\/div>\n\t\t\t\t\t<\/div>\n\t\t<\/section>\n\t\t\t\t<section class=\"has_eae_slider elementor-section elementor-inner-section elementor-element elementor-element-96c7b27 elementor-section-boxed elementor-section-height-default elementor-section-height-default\" data-eae-slider=\"29822\" data-id=\"96c7b27\" data-element_type=\"section\" data-e-type=\"section\">\n\t\t\t\t\t\t<div class=\"elementor-container elementor-column-gap-default\">\n\t\t\t\t\t<div class=\"has_eae_slider elementor-column elementor-col-33 elementor-inner-column elementor-element elementor-element-2ce4933\" data-eae-slider=\"30567\" data-id=\"2ce4933\" data-element_type=\"column\" data-e-type=\"column\">\n\t\t\t<div class=\"elementor-widget-wrap\">\n\t\t\t\t\t\t\t<\/div>\n\t\t<\/div>\n\t\t\t\t<div class=\"has_eae_slider elementor-column elementor-col-33 elementor-inner-column elementor-element elementor-element-5c9ea99\" data-eae-slider=\"70528\" data-id=\"5c9ea99\" data-element_type=\"column\" data-e-type=\"column\">\n\t\t\t<div class=\"elementor-widget-wrap elementor-element-populated\">\n\t\t\t\t\t\t<div class=\"elementor-element elementor-element-0d5a5ae elementor-widget elementor-widget-text-editor\" data-id=\"0d5a5ae\" data-element_type=\"widget\" data-e-type=\"widget\" data-widget_type=\"text-editor.default\">\n\t\t\t\t<div class=\"elementor-widget-container\">\n\t\t\t\t\t\t\t\t\t<p><b>1. Oxidative stress and inflammatory disease<\/b><\/p>\n<p>Antioxidant and anti-inflammatory protection of vascular endothelial cells by synthetic mimics of glutathione peroxidase. Chaudi\u00e8re J,Moutet M,&nbsp;<b>d\u2019Alessio<\/b>&nbsp;<b>P<\/b>. C.R. Soc. Biol. 1996;189:861-882.<\/p>\n<p>Pharmacological modulation of endothelial cytoskeleton induced by hydrogen peroxide and TNF-a.&nbsp;<b>d\u2019Alessio P<\/b>, Moutet M, Marsac C, Chaudi\u00e8re J. C.R. Soc. Biol.1996;190:289-297.<\/p>\n<p>Pharmacological inhibition of endothelial cytoskeleton alterations induced by hydrogen peroxide and TNF-a&nbsp;<b>d\u2019Alessio P<\/b>, Moutet M, Marsac C, Chaudi\u00e8re J. In: \u201cOxidative Stress, Cancer, AIDS, and Neurodegenerative Diseases\u201d. Marcel Dekker, Inc., N.Y., Montagnier, Olivier, and Pasquier eds, 1997, pp 313-321.<\/p>\n<p>Photoageing of the skin. Giacomoni P,&nbsp;<b>d\u2019Alessio<\/b>&nbsp;<b>P.<\/b>&nbsp;Open questions in photobiology IV. Photoaging of the skin J. Photochem. Photobiol. B. Biol. 1996;33:267-272.<\/p>\n<p>Skin ageing: The Relevance of Antioxydants. Giacomoni P,&nbsp;<b>d\u2019Alessio P<\/b>. In: \u201c Molecular Gerontology \u201d Suresh I.S.Rattan and Olivier Toussaint eds, 1996, pp 177-192.<\/p>\n<p>Skin aging: Mechanisms and Possible Interventions. Giacomoni P,&nbsp;<b>d\u2019Alessio P.<\/b>&nbsp;In: \u201cAdvances in Anti-Aging Medecine\u201d, vol. 2, Academy of Anti-Aging Medecine eds, 1997<b>.<\/b><\/p>\n<p>ICAM-1 and VCAM-1 expression induced by TNF-a are inhibited by a glutathione peroxidase mimic.<b>&nbsp;d\u2019Alessio P<\/b>, Moutet M, Darquenne S, Coudrier E, Chaudi\u00e8re J. Free Rad.Biol.Med. 1998;24:979-987.<\/p>\n<p>GPx mimics prevent TNF-a and neutrophil-induced endothelial alterations. Moutet M,&nbsp;<b>d\u2019Alessio P<\/b>, Malette P, Chaudi\u00e8re J. Free Rad.Biol.Med. 1998;25:270-281.<\/p>\n<p>ICAM-1 and VCAM-1 expression induced by TNF-a are inhibited by a glutathione peroxidase mimic.&nbsp;<b>d\u2019Alessio P<\/b>, Moutet M, Darquenne S, Coudrier E, Chaudi\u00e8re J. In: \u201cVascular Endothelium : Mechanisms of Cell Signaling\u201d J.D.Catravas, A.D.Callow, U.S.Ryan eds, Nato Science Series IOS Press, 1999, pp 220-225.<\/p>\n<p>Regulation of ICAM-1\/CD54 expression on human endothelial cells by hydrogen peroxide involves inducible NO synthase<b>.&nbsp;<\/b>Sadeghi Zadeh M, Kolb JP, Geromin D, D\u2019Anna R, Boulmerka A, Marconi A, Dugas B, Marsac C,&nbsp;<b>d\u2019Alessio<\/b>&nbsp;P. J Leukocyte Biol. 2000;67:327-334.<\/p>\n<p><b>2. Vascular endothelium and cancer (HPV-16 E7)<\/b><\/p>\n<p>HPV16-E7 but not E6 oncogenic protein triggers both cellular immunosuppression and angiogenic processes. LeBuanec H, D\u2019Anna R, Lachgar R, Zagury JF, Bernard J, Ittel\u00e9 D,<b>&nbsp;d\u2019Alessio P<\/b>, Hallez S, Giannouli C, Burny A, Bizzini B, Gallo RC, Zagury D. Biomed. Pharmacother<b>.&nbsp;<\/b>1999;53:424-431.<\/p>\n<p>Human Papillomavirus-16-E7 Oncoprotein Enhances the Expression of Adhesion Molecules in Cervical Endothelial Cells but not in Human Umbilical Vein Endothelial Cells. D\u2019Anna R, Le Buanec H, Bizzini B, Burny A, Giannouli C, Zagury JF, Gallo RC, Zagury D,&nbsp;<b>d\u2019Alessio<\/b>&nbsp;P. J Human Virol. 2001;4:85-95.<\/p>\n<p>Selective activation of cervical microvascular endothelial cells by human papillomavirus 16-E7 oncoprotein. D\u2019Anna R, Le Buanec H, Alessandri G, Caruso A, Burny A, Gallo R, Zagury JF, Zagury D,&nbsp;<b>d\u2019Alessio P.&nbsp;<\/b>J Nat Cancer Inst. 2001;93:1843-1851.<\/p>\n<p><b>3. Endothelium as pharmacological target<\/b><\/p>\n<p><a href=\"https:\/\/www.aisa-tx.com\/wp-content\/uploads\/2023\/12\/Endothelium-as-pharmacological-target.pdf\" target=\"_blank\" rel=\"noopener\">Endothelium as pharmacological target<\/a>.&nbsp;<b>d\u2019Alessio P.<\/b>&nbsp;Curr. Op. Invest. Drugs. 2000;2:1720-1724.<\/p>\n<p>Oxidative stress and endothelial senescence. Marconi A,&nbsp;<b>d\u2019Alessio<\/b>&nbsp;P. In : Proceedings Free Rad Res International, 2003, pp 125-128.<\/p>\n<p>Naftidrofuryl-driven regulation of endothelial ICAM-1 involves Nitric Oxide. Marconi A, Darquenne S, Boulmerka A, Mosnier M,&nbsp;<b>d\u2019Alessio P.&nbsp;<\/b>Free Rad.Biol.Med. 2003;34:616-625.<\/p>\n<p><a href=\"https:\/\/www.aisa-tx.com\/wp-content\/uploads\/2023\/12\/Aging-and-the-endothelium.pdf\" target=\"_blank\" rel=\"noopener\">Aging and the endothelium<\/a>.&nbsp;<b>d\u2019Alessio P<\/b>. J Exp Gerontol. 2004;39:165-171.<\/p>\n<p>Antioxidant Betalains from Cactus Pear (<i>Opuntia Ficus Indica<\/i>) inhibit endothelial ICAM-1 expression. Gentile C, Tesoriere L, Allegra M, Livrea MA,&nbsp;<b>d\u2019Alessio P.<\/b>&nbsp;Annals NYAcadSci, 2004, vol.1028, &#8220;Signal Transduction and Communication in Cancer Cells&#8221;, pp 481-486.<\/p>\n<p><b>d\u2019Alessio P<\/b>, Cellular stress and aging, 2005 Nouvelle Revue d\u2019Aromath\u00e9rapie, Springer eds.<\/p>\n<p>Tripterine, inhibits the expression of adhesion molecules in activated endothelial cells. Zhang D, Marconi A, Xu LM, Yang CX, Sun GW, Feng XL, Xu SM, Ling CG, Qin WZ, Uzan G,&nbsp;<b>d\u2019Alessio P.<\/b>&nbsp;J Leukocyte Biol. 2006;80:309-319<b>.<\/b><\/p>\n<p>New pharmaceutical interventions in aging. Bisson JF, Menut C,&nbsp;<b>d\u2019Alessio<\/b>&nbsp;<b>P<\/b>. Rejuv Res. 2008;11:399-407<b>.<\/b><\/p>\n<p>Fasciatherapy combined with pulsology induces changes in blood turbulence potentially beneficial for the Endothelium. Quer\u00e9 N, No\u00ebl E, Lieutaud A,&nbsp;<b>d\u2019Alessio P.<\/b>&nbsp;J Bodyw Mov Ther. 2009;13:239-245.<\/p>\n<p>Is internet-based nutritional coaching feasible in older adults? Tauchert K, Buccolini F,&nbsp;<b>d&#8217;Alessio PA<\/b>, Melini A, Lochs H, Valentini L. Clin Nutr. 2010;Supp 5:124.<\/p>\n<p><a href=\"https:\/\/www.aisa-tx.com\/wp-content\/uploads\/2023\/12\/New-anti-inflammatory-molecule-AISA-5203-L-promotes-adaptive-strategies-in-cell-aging.pdf\" target=\"_blank\" rel=\"noopener\">New anti-inflammatory molecule AISA 5203-L promotes adaptive strategies in cell aging<\/a>.&nbsp;<b>d\u2019Alessio P.&nbsp;<\/b>In : \u201cAdaptation Biology and Medicine, Cell Adaptations and Challenges\u201d, P. Wang, C.-H.Kuo, N. Takeda and P.K. Singal eds, Narosa Publishing House Ltd., 6 : 369-378, 2011.<\/p>\n<p><a href=\"https:\/\/www.aisa-tx.com\/wp-content\/uploads\/2023\/12\/New-Targets-for-the-Identification-of-an-Anti-Inflammatory-Anti-Senescence-Activity.pdf\" target=\"_blank\" rel=\"noopener\">New Targets for the Identification of an Anti-Inflammatory Anti-Senescence Activity<\/a>.&nbsp;<b>d\u2019Alessio P<\/b>, Bennaceur-Griscelli A, Ostan R, Franceschi C. In : \u00ab Senescence \u00bb, ISBN 978-953-308-28-6 chap. 2: 647-666, In Tech 2012.<\/p>\n<p><b>4. AISA\u2019s pre-clinical and first-in human studies<\/b><\/p>\n<p><a href=\"https:\/\/www.aisa-tx.com\/wp-content\/uploads\/2023\/12\/Gender-differences-in-response-to-dietary-supplementation-by-Orange-Peel-Extract-in-elderly-people-in-the-RISTOMED-study.pdf\" target=\"_blank\" rel=\"noopener\">Gender differences in response to dietary supplementation by Orange Peel Extract in elderly people in the RISTOMED study<\/a>: impact on Quality of Life and inflammation.&nbsp;<b>d\u2019Alessio P<\/b>, Ostan R, Valentini L, Bourdel-Marchasson I, Pinto A, Buccolini F, Franceschi C, Ben\u00e9 M.C. PRIME 2012;July\/August:30-37.<\/p>\n<p><a href=\"https:\/\/www.aisa-tx.com\/wp-content\/uploads\/2023\/12\/Cellularite-et-extracellularite.-Le-systeme-multi-fibrillaire.pdf\" target=\"_blank\" rel=\"noopener\">Cellularit\u00e9 et extracellularit\u00e9. Le syst\u00e8me multi-fibrillaire : du cytosquelette au tissu conjonctif<\/a>.&nbsp;<b>d\u2019Alessio&nbsp;PA<\/b>. Annales de chirurgie plastique esth\u00e9tique 2012;57-5:497-501.<\/p>\n<p><a href=\"https:\/\/www.aisa-tx.com\/wp-content\/uploads\/2023\/12\/On-the-way-of-longevity-how-to-counteract-neurodegenerative-disease.pdf\" target=\"_blank\" rel=\"noopener\">On the way of longevity: how to counteract neurodegenerative disease<\/a> \u00bb&nbsp;<b>d\u2019Alessio P<\/b>, Ostan R, Capri M, Franceschi C.<sup>,&nbsp;<\/sup>In : \u201cSenescence and senescence \u2013 related disorders\u201d, Zhiwei Wang &amp; Hiroyuki Inuzuka eds., INTECH, 2013.<\/p>\n<p><a href=\"https:\/\/www.aisa-tx.com\/wp-content\/uploads\/2023\/12\/Oral-administration-of-d-Limonene-controls-inflammation-in-rat-colitis-and-displays-anti-inflammatory-properties-as-diet-supplementation-in-humans.pdf\" target=\"_blank\" rel=\"noopener\">Oral administration of&nbsp;<i>d<\/i>-Limonene controls inflammation in rat colitis and displays anti-inflammatory properties as diet supplementation in humans<\/a>.<b>&nbsp;d&#8217;Alessio PA<\/b>, Ostan R, Bisson JF, Schulzke JD,&nbsp; Ursini MV, B\u00e9n\u00e9 MC. Life Sciences. 2013;92:1151-1156.<\/p>\n<p><a href=\"https:\/\/www.aisa-tx.com\/wp-content\/uploads\/2023\/12\/Skin-repair-properties-of-Perillyl-Alcohol-in-murine-models.pdf\" target=\"_blank\" rel=\"noopener\">Skin repair properties of Perillyl Alcohol in murine models<\/a>.&nbsp;<b>d&#8217;Alessio PA<\/b>, Mirshahi M, Bisson JF, B\u00e9n\u00e9 MC. Anti-Inflammatory &amp; Anti-Allergy Agents in Medicinal Chemistry 2014;13:29-35.<\/p>\n<p><a href=\"https:\/\/www.aisa-tx.com\/wp-content\/uploads\/2023\/12\/Anti-stress-effects-of-d-Limonene-and-its-metabolite-perillyl-alcohol.pdf\" target=\"_blank\" rel=\"noopener\">Anti-stress effects of d-Limonene and its metabolite perillyl alcohol<\/a>.&nbsp;<b>d&#8217;Alessio PA<\/b>, Bisson JF, B\u00e9n\u00e9 MC. Rejuvenation Res. 2014;17:145-149.<\/p>\n<p><a href=\"https:\/\/www.aisa-tx.com\/wp-content\/uploads\/2023\/12\/Clinical-efficacy-of-orange-peel-extract-in-psoriasis.pdf\" target=\"_blank\" rel=\"noopener\">Clinical efficacy of orange peel extract in psoriasis<\/a>. Rossi A, B\u00e9n\u00e9, MC, Carlesimo M, Garelli V, Fortuna MC,&nbsp;<b>d\u2019Alessio PA.<\/b>&nbsp;Global J Dermatol Venerol. 2015;3:1-4.<\/p>\n<p><a href=\"https:\/\/www.aisa-tx.com\/wp-content\/uploads\/2023\/12\/Anti-inflammatory-and-skin-repair-treatments-with-d-Limonene.pdf\" target=\"_blank\" rel=\"noopener\">Anti-inflammatory and skin repair treatments with&nbsp;<i>d<\/i>-Limonene<\/a>.&nbsp;<b>d\u2019Alessio PA<\/b>, Menut C, Lejay J, Bisson JF, B\u00e9n\u00e9 MC. PRIME. November 2015; 19-25.<\/p>\n<p><a href=\"https:\/\/www.aisa-tx.com\/wp-content\/uploads\/2023\/12\/Impact-of-diet-and-nutraceutical-supplementation-on-inflammation-in-elderly-people.pdf\" target=\"_blank\" rel=\"noopener\">Impact of diet and nutraceutical supplementation on inflammation in elderly people<\/a>. Results from the RISTOMED study, an open-label randomized control trial. Ostan R, B\u00e9n\u00e9 MC, Spazzafumo L, Pinto A, Donini L, Pyren F, Charrouf Z, Valentin L, Lochs H, Bourdel-Marchasson I, Blanc-Bisson C, Buccolini F, Brigidi P,&nbsp;<b>d\u2019Alessio PA<\/b>. Clin Nutr. 2016;35:812-818.<\/p>\n<p><a href=\"https:\/\/www.aisa-tx.com\/wp-content\/uploads\/2023\/12\/Les-marqueurs-du-vieillissement-biologique.pdf\" target=\"_blank\" rel=\"noopener\">Les marqueurs du vieillissement biologique<\/a> \u00ab Markers of biological aging \u00bb.&nbsp;<b>d\u2019Alessio PA.<\/b>&nbsp;Corresp. Onco-H\u00e9matol. 2018;13:18-20.<\/p>\n<p><a href=\"https:\/\/www.aisa-tx.com\/wp-content\/uploads\/2023\/12\/Salutogenesis-and-beyond.pdf\" target=\"_blank\" rel=\"noopener\">Salutogenesis and beyond<\/a>.&nbsp;<b>d\u2019Alessio PA<\/b>, Dermatol Ther 2019; 32:e1278.<\/p>\n<p>Platelet rich plasma in androgenic alopecia : a systematic review. Lotti<sup>,&nbsp;<\/sup>T, Goren A, Verner I,&nbsp;<b>d\u2019Alessio PA<\/b>, Franca K. 2019, DTH, doi.org\/10.1111\/dth. 12837<\/p>\n<p><a href=\"https:\/\/www.aisa-tx.com\/wp-content\/uploads\/2023\/12\/AISA-can-control-the-inflammatory-facet-of-SASP.pdf\" target=\"_blank\" rel=\"noopener\"><b>AISA can control the inflammatory facet of SASP.<\/b><\/a>&nbsp;<b>d&#8217;Alessio PA<\/b>, B\u00e9n\u00e9 MC. Mech Ageing Dev. 2020 Jan 2;186:111206. doi: 10.1016\/j.mad.2019.111206.<\/p>\n<p>The Gut-brain axis is relevant to skin aging.&nbsp;<b>d&#8217;Alessio PA&nbsp;<\/b>PRIME, July 2020,&nbsp;<span style=\"color: var( --e-global-color-47e7fb0 ); background-color: var(--background-color); font-size: inherit; text-align: inherit; font-family: var(--fontFamily); font-style: var(--fontStyle, inherit); font-weight: var(--fontWeight); letter-spacing: var(--letterSpacing); text-transform: var(--textTransform);\">Vol. 10 Issue 4, 36-42<\/span><span style=\"font-size: inherit; text-align: inherit; color: var( --e-global-color-47e7fb0 ); background-color: var(--background-color); font-family: var(--fontFamily); font-style: var(--fontStyle, inherit); font-weight: var(--fontWeight); letter-spacing: var(--letterSpacing); text-transform: var(--textTransform);\">.<\/span><\/p>\n<p><a href=\"https:\/\/www.aisa-tx.com\/wp-content\/uploads\/2023\/12\/Quality-of-Life-Psychological-Symptoms-Effects-of-a-2-Month-Healthy-Diet-and-Nutraceutical-Intervention.pdf\" target=\"_blank\" style=\"font-variant-ligatures: inherit; font-variant-caps: inherit;\">Quality of Life: Psychological Symptoms\u2014Effects of a 2-Month Healthy Diet and Nutraceutical Intervention<\/a>; A Randomized, Open-Label Intervention Trial (RISTOMED) Bourdel-Marchasson I, Ostan R, Regueme SC, Pinto A, Pryen F, Charrouf Z, d\u2019Alessio PA, Roubaud Baudron C, Guerville F, Durrieu J, Donini LM, Franceschi C and Valentini V. Nutrients 2020, 12, 800; doi:10.3390\/nu12030800<\/p>\n<p><span style=\"font-size: inherit; text-align: inherit; color: var( --e-global-color-47e7fb0 ); background-color: var(--background-color); font-family: var(--fontFamily); font-style: var(--fontStyle, inherit); font-weight: var(--fontWeight); letter-spacing: var(--letterSpacing); text-transform: var(--textTransform);\"><a href=\"https:\/\/www.aisa-tx.com\/wp-content\/uploads\/2023\/12\/d-Limonene-challenging-anti-inflammatory-strategies.pdf\" target=\"_blank\" rel=\"noopener\">d-Limonene challenging anti-inflammatory strategies<\/a>. d\u2019Alessio PA, B\u00e9n\u00e9 MC and Menut C. AIMS Molecular Science April 2022 9 (2): 46-65.&nbsp;<\/span><a style=\"font-size: inherit; text-align: inherit; font-family: var(--fontFamily); font-style: var(--fontStyle, inherit); font-weight: var(--fontWeight); letter-spacing: var(--letterSpacing); text-transform: var(--textTransform); background-color: var(--background-color);\" href=\"https:\/\/www.aimspress.com\/journal\/Molecular\" target=\"_blank\" rel=\"noopener\">https:\/\/www.aimspress.com\/journal\/Molecular<\/a><\/p>\t\t\t\t\t\t\t\t<\/div>\n\t\t\t\t<\/div>\n\t\t\t\t\t<\/div>\n\t\t<\/div>\n\t\t\t\t<div class=\"has_eae_slider elementor-column elementor-col-33 elementor-inner-column elementor-element elementor-element-4a1e325\" data-eae-slider=\"99965\" data-id=\"4a1e325\" data-element_type=\"column\" data-e-type=\"column\">\n\t\t\t<div class=\"elementor-widget-wrap\">\n\t\t\t\t\t\t\t<\/div>\n\t\t<\/div>\n\t\t\t\t\t<\/div>\n\t\t<\/section>\n\t\t\t\t\t<\/div>\n\t\t<\/div>\n\t\t\t\t\t<\/div>\n\t\t<\/section>\n\t\t\t\t<\/div>\n\t\t","protected":false},"excerpt":{"rendered":"<p>Scientific References of Pr D\u2019Alessio 1. Oxidative stress and inflammatory disease Antioxidant and anti-inflammatory protection of vascular endothelial cells by synthetic mimics of glutathione peroxidase. Chaudi\u00e8re J,Moutet M,&nbsp;d\u2019Alessio&nbsp;P. C.R. Soc. Biol. 1996;189:861-882. Pharmacological modulation of endothelial cytoskeleton induced by hydrogen peroxide and TNF-a.&nbsp;d\u2019Alessio P, Moutet M, Marsac C, Chaudi\u00e8re J. C.R. Soc. Biol.1996;190:289-297. Pharmacological inhibition [&hellip;]<\/p>\n","protected":false},"author":1,"featured_media":0,"parent":0,"menu_order":0,"comment_status":"closed","ping_status":"closed","template":"","meta":{"footnotes":""},"class_list":["post-1358","page","type-page","status-publish","hentry"],"blocksy_meta":[],"_links":{"self":[{"href":"https:\/\/www.aisa-tx.com\/index.php?rest_route=\/wp\/v2\/pages\/1358","targetHints":{"allow":["GET"]}}],"collection":[{"href":"https:\/\/www.aisa-tx.com\/index.php?rest_route=\/wp\/v2\/pages"}],"about":[{"href":"https:\/\/www.aisa-tx.com\/index.php?rest_route=\/wp\/v2\/types\/page"}],"author":[{"embeddable":true,"href":"https:\/\/www.aisa-tx.com\/index.php?rest_route=\/wp\/v2\/users\/1"}],"replies":[{"embeddable":true,"href":"https:\/\/www.aisa-tx.com\/index.php?rest_route=%2Fwp%2Fv2%2Fcomments&post=1358"}],"version-history":[{"count":61,"href":"https:\/\/www.aisa-tx.com\/index.php?rest_route=\/wp\/v2\/pages\/1358\/revisions"}],"predecessor-version":[{"id":2257,"href":"https:\/\/www.aisa-tx.com\/index.php?rest_route=\/wp\/v2\/pages\/1358\/revisions\/2257"}],"wp:attachment":[{"href":"https:\/\/www.aisa-tx.com\/index.php?rest_route=%2Fwp%2Fv2%2Fmedia&parent=1358"}],"curies":[{"name":"wp","href":"https:\/\/api.w.org\/{rel}","templated":true}]}}